{"id":69,"date":"2013-03-06T10:01:25","date_gmt":"2013-03-06T09:01:25","guid":{"rendered":"http:\/\/op4test.fr\/KPS\/?page_id=69"},"modified":"2021-09-21T15:23:24","modified_gmt":"2021-09-21T13:23:24","slug":"organisation-2","status":"publish","type":"page","link":"https:\/\/www.kps-evenements.fr\/?page_id=69","title":{"rendered":"Organisation"},"content":{"rendered":"\t\t<div data-elementor-type=\"wp-page\" data-elementor-id=\"69\" class=\"elementor elementor-69\" data-elementor-post-type=\"page\">\n\t\t\t\t\t\t<section class=\"elementor-section elementor-top-section elementor-element elementor-element-541df32b elementor-section-content-middle elementor-section-boxed elementor-section-height-default elementor-section-height-default\" data-id=\"541df32b\" data-element_type=\"section\" data-e-type=\"section\" data-settings=\"{&quot;background_background&quot;:&quot;classic&quot;}\">\n\t\t\t\t\t\t<div class=\"elementor-container elementor-column-gap-no\">\n\t\t\t\t\t<div class=\"elementor-column elementor-col-33 elementor-top-column elementor-element elementor-element-1f1b661d\" data-id=\"1f1b661d\" data-element_type=\"column\" data-e-type=\"column\">\n\t\t\t<div class=\"elementor-widget-wrap elementor-element-populated\">\n\t\t\t\t\t\t<div class=\"elementor-element elementor-element-44ef3dae elementor-widget elementor-widget-image\" data-id=\"44ef3dae\" data-element_type=\"widget\" data-e-type=\"widget\" data-widget_type=\"image.default\">\n\t\t\t\t<div class=\"elementor-widget-container\">\n\t\t\t\t\t\t\t\t\t\t\t\t\t\t\t<img fetchpriority=\"high\" decoding=\"async\" width=\"525\" height=\"380\" src=\"https:\/\/www.kps-evenements.fr\/wp-content\/event-manager-showing-plan-paper-1024x741.jpg\" class=\"elementor-animation-grow attachment-large size-large wp-image-842\" alt=\"\" srcset=\"https:\/\/www.kps-evenements.fr\/wp-content\/event-manager-showing-plan-paper-1024x741.jpg 1024w, https:\/\/www.kps-evenements.fr\/wp-content\/event-manager-showing-plan-paper-300x217.jpg 300w, https:\/\/www.kps-evenements.fr\/wp-content\/event-manager-showing-plan-paper-768x556.jpg 768w, https:\/\/www.kps-evenements.fr\/wp-content\/event-manager-showing-plan-paper-1536x1112.jpg 1536w, https:\/\/www.kps-evenements.fr\/wp-content\/event-manager-showing-plan-paper.jpg 2000w\" sizes=\"100vw\" \/>\t\t\t\t\t\t\t\t\t\t\t\t\t\t\t<\/div>\n\t\t\t\t<\/div>\n\t\t\t\t\t<\/div>\n\t\t<\/div>\n\t\t\t\t<div class=\"elementor-column elementor-col-33 elementor-top-column elementor-element elementor-element-97a93a9\" data-id=\"97a93a9\" data-element_type=\"column\" data-e-type=\"column\">\n\t\t\t<div class=\"elementor-widget-wrap elementor-element-populated\">\n\t\t\t\t\t\t<div class=\"elementor-element elementor-element-e131d84 elementor-widget elementor-widget-text-editor\" data-id=\"e131d84\" data-element_type=\"widget\" data-e-type=\"widget\" data-widget_type=\"text-editor.default\">\n\t\t\t\t<div class=\"elementor-widget-container\">\n\t\t\t\t\t\t\t\t\t<p>Nous vous proposons l\u2019organisation totale ou partielle de tous vos \u00e9v\u00e9nements.<\/p><p><br \/>Confiez-nous vos d\u00e9marches pour la recherche de professionnels, s\u00e9lectionn\u00e9s par nos soins: traiteurs, fleuristes, photographes, d\u00e9corateurs, artistes, serveurs, fourniture de boissons, faire-part, etc\u2026\u00a0Vous \u00e9conomiserez ainsi des d\u00e9placements et surtout du temps.<\/p><p><br \/>Ce service d\u2019organisation vous sera offert pour tout contrat d\u2019animation ou de location conclu aupr\u00e8s de Kps Evenements.<\/p>\t\t\t\t\t\t\t\t<\/div>\n\t\t\t\t<\/div>\n\t\t\t\t\t<\/div>\n\t\t<\/div>\n\t\t\t\t<div class=\"elementor-column elementor-col-33 elementor-top-column elementor-element elementor-element-f153c1e\" data-id=\"f153c1e\" data-element_type=\"column\" data-e-type=\"column\">\n\t\t\t<div class=\"elementor-widget-wrap elementor-element-populated\">\n\t\t\t\t\t\t<div class=\"elementor-element elementor-element-42fb24ed elementor-widget elementor-widget-image\" data-id=\"42fb24ed\" data-element_type=\"widget\" data-e-type=\"widget\" data-widget_type=\"image.default\">\n\t\t\t\t<div class=\"elementor-widget-container\">\n\t\t\t\t\t\t\t\t\t\t\t\t\t\t\t<img decoding=\"async\" width=\"525\" height=\"394\" src=\"https:\/\/www.kps-evenements.fr\/wp-content\/44-1024x768.jpg\" class=\"elementor-animation-grow attachment-large size-large wp-image-626\" alt=\"\" srcset=\"https:\/\/www.kps-evenements.fr\/wp-content\/44-1024x768.jpg 1024w, https:\/\/www.kps-evenements.fr\/wp-content\/44-300x225.jpg 300w, https:\/\/www.kps-evenements.fr\/wp-content\/44.jpg 2048w\" sizes=\"100vw\" \/>\t\t\t\t\t\t\t\t\t\t\t\t\t\t\t<\/div>\n\t\t\t\t<\/div>\n\t\t\t\t\t<\/div>\n\t\t<\/div>\n\t\t\t\t\t<\/div>\n\t\t<\/section>\n\t\t\t\t<section class=\"elementor-section elementor-top-section elementor-element elementor-element-2af99358 elementor-section-boxed elementor-section-height-default elementor-section-height-default\" data-id=\"2af99358\" data-element_type=\"section\" data-e-type=\"section\">\n\t\t\t\t\t\t<div class=\"elementor-container elementor-column-gap-default\">\n\t\t\t\t\t<div class=\"elementor-column elementor-col-100 elementor-top-column elementor-element elementor-element-7b274ac1\" data-id=\"7b274ac1\" data-element_type=\"column\" data-e-type=\"column\">\n\t\t\t<div class=\"elementor-widget-wrap elementor-element-populated\">\n\t\t\t\t\t\t<div class=\"elementor-element elementor-element-eddd38d elementor-widget elementor-widget-gallery\" data-id=\"eddd38d\" data-element_type=\"widget\" data-e-type=\"widget\" data-settings=\"{&quot;gap&quot;:{&quot;unit&quot;:&quot;px&quot;,&quot;size&quot;:20,&quot;sizes&quot;:[]},&quot;columns&quot;:3,&quot;lazyload&quot;:&quot;yes&quot;,&quot;gallery_layout&quot;:&quot;grid&quot;,&quot;columns_tablet&quot;:2,&quot;columns_mobile&quot;:1,&quot;gap_tablet&quot;:{&quot;unit&quot;:&quot;px&quot;,&quot;size&quot;:10,&quot;sizes&quot;:[]},&quot;gap_mobile&quot;:{&quot;unit&quot;:&quot;px&quot;,&quot;size&quot;:10,&quot;sizes&quot;:[]},&quot;link_to&quot;:&quot;file&quot;,&quot;aspect_ratio&quot;:&quot;3:2&quot;,&quot;overlay_background&quot;:&quot;yes&quot;,&quot;content_hover_animation&quot;:&quot;fade-in&quot;}\" data-widget_type=\"gallery.default\">\n\t\t\t\t<div class=\"elementor-widget-container\">\n\t\t\t\t\t\t\t<div class=\"elementor-gallery__container\">\n\t\t\t\t\t\t\t<a class=\"e-gallery-item elementor-gallery-item elementor-animated-content\" href=\"https:\/\/www.kps-evenements.fr\/wp-content\/216.jpg\" data-elementor-open-lightbox=\"yes\" data-elementor-lightbox-slideshow=\"eddd38d\" data-elementor-lightbox-title=\"2\" data-e-action-hash=\"#elementor-action%3Aaction%3Dlightbox%26settings%3DeyJpZCI6Mzg3LCJ1cmwiOiJodHRwczpcL1wvd3d3Lmtwcy1ldmVuZW1lbnRzLmZyXC93cC1jb250ZW50XC8yMTYuanBnIiwic2xpZGVzaG93IjoiZWRkZDM4ZCJ9\" rel=\"lightbox[69]\">\n\t\t\t\t\t<div class=\"e-gallery-image elementor-gallery-item__image\" data-thumbnail=\"https:\/\/www.kps-evenements.fr\/wp-content\/216.jpg\" data-width=\"800\" data-height=\"600\" aria-label=\"\" role=\"img\" ><\/div>\n\t\t\t\t\t\t\t\t\t\t\t<div class=\"elementor-gallery-item__overlay\"><\/div>\n\t\t\t\t\t\t\t\t\t\t\t\t\t\t<\/a>\n\t\t\t\t\t\t\t<a class=\"e-gallery-item elementor-gallery-item elementor-animated-content\" href=\"https:\/\/www.kps-evenements.fr\/wp-content\/129.jpg\" data-elementor-open-lightbox=\"yes\" data-elementor-lightbox-slideshow=\"eddd38d\" data-elementor-lightbox-title=\"1\" data-e-action-hash=\"#elementor-action%3Aaction%3Dlightbox%26settings%3DeyJpZCI6Mzg1LCJ1cmwiOiJodHRwczpcL1wvd3d3Lmtwcy1ldmVuZW1lbnRzLmZyXC93cC1jb250ZW50XC8xMjkuanBnIiwic2xpZGVzaG93IjoiZWRkZDM4ZCJ9\" rel=\"lightbox[69]\">\n\t\t\t\t\t<div class=\"e-gallery-image elementor-gallery-item__image\" data-thumbnail=\"https:\/\/www.kps-evenements.fr\/wp-content\/129.jpg\" data-width=\"800\" data-height=\"600\" aria-label=\"\" role=\"img\" ><\/div>\n\t\t\t\t\t\t\t\t\t\t\t<div class=\"elementor-gallery-item__overlay\"><\/div>\n\t\t\t\t\t\t\t\t\t\t\t\t\t\t<\/a>\n\t\t\t\t\t\t\t<a class=\"e-gallery-item elementor-gallery-item elementor-animated-content\" href=\"https:\/\/www.kps-evenements.fr\/wp-content\/110.jpg\" data-elementor-open-lightbox=\"yes\" data-elementor-lightbox-slideshow=\"eddd38d\" data-elementor-lightbox-title=\"SONY DSC\" data-e-action-hash=\"#elementor-action%3Aaction%3Dlightbox%26settings%3DeyJpZCI6NjIzLCJ1cmwiOiJodHRwczpcL1wvd3d3Lmtwcy1ldmVuZW1lbnRzLmZyXC93cC1jb250ZW50XC8xMTAuanBnIiwic2xpZGVzaG93IjoiZWRkZDM4ZCJ9\" rel=\"lightbox[69]\">\n\t\t\t\t\t<div class=\"e-gallery-image elementor-gallery-item__image\" data-thumbnail=\"https:\/\/www.kps-evenements.fr\/wp-content\/110.jpg\" data-width=\"3358\" data-height=\"2587\" aria-label=\"\" role=\"img\" ><\/div>\n\t\t\t\t\t\t\t\t\t\t\t<div class=\"elementor-gallery-item__overlay\"><\/div>\n\t\t\t\t\t\t\t\t\t\t\t\t\t\t<\/a>\n\t\t\t\t\t<\/div>\n\t\t\t\t\t<\/div>\n\t\t\t\t<\/div>\n\t\t\t\t\t<\/div>\n\t\t<\/div>\n\t\t\t\t\t<\/div>\n\t\t<\/section>\n\t\t\t\t<section class=\"elementor-section elementor-top-section elementor-element elementor-element-4d089f9a elementor-section-height-min-height elementor-section-full_width elementor-section-height-default elementor-section-items-middle\" data-id=\"4d089f9a\" data-element_type=\"section\" data-e-type=\"section\" data-settings=\"{&quot;background_background&quot;:&quot;classic&quot;}\">\n\t\t\t\t\t\t\t<div class=\"elementor-background-overlay\"><\/div>\n\t\t\t\t\t\t\t<div class=\"elementor-container elementor-column-gap-default\">\n\t\t\t\t\t<div class=\"elementor-column elementor-col-100 elementor-top-column elementor-element elementor-element-2bb9112f\" data-id=\"2bb9112f\" data-element_type=\"column\" data-e-type=\"column\">\n\t\t\t<div class=\"elementor-widget-wrap elementor-element-populated\">\n\t\t\t\t\t\t<div class=\"elementor-element elementor-element-7e0fa02c elementor-widget elementor-widget-heading\" data-id=\"7e0fa02c\" data-element_type=\"widget\" data-e-type=\"widget\" data-widget_type=\"heading.default\">\n\t\t\t\t<div class=\"elementor-widget-container\">\n\t\t\t\t\t<p class=\"elementor-heading-title elementor-size-default\">N\u2019h\u00e9sitez pas \u00e0 prendre contact avec nous afin d\u2019\u00e9tablir un devis personnalis\u00e9 gratuit et sans engagement de votre part.<\/p>\t\t\t\t<\/div>\n\t\t\t\t<\/div>\n\t\t\t\t<div class=\"elementor-element elementor-element-57f30eb6 elementor-align-center elementor-widget elementor-widget-button\" data-id=\"57f30eb6\" data-element_type=\"widget\" data-e-type=\"widget\" data-widget_type=\"button.default\">\n\t\t\t\t<div class=\"elementor-widget-container\">\n\t\t\t\t\t\t\t\t\t<div class=\"elementor-button-wrapper\">\n\t\t\t\t\t<a class=\"elementor-button elementor-button-link elementor-size-md\" href=\"http:\/\/www.kps-evenements.fr\/?page_id=43\">\n\t\t\t\t\t\t<span class=\"elementor-button-content-wrapper\">\n\t\t\t\t\t\t<span class=\"elementor-button-icon\">\n\t\t\t\t<i aria-hidden=\"true\" class=\"fas fa-pen-fancy\"><\/i>\t\t\t<\/span>\n\t\t\t\t\t\t\t\t\t<span class=\"elementor-button-text\">Besoin d'un devis ?<\/span>\n\t\t\t\t\t<\/span>\n\t\t\t\t\t<\/a>\n\t\t\t\t<\/div>\n\t\t\t\t\t\t\t\t<\/div>\n\t\t\t\t<\/div>\n\t\t\t\t\t<\/div>\n\t\t<\/div>\n\t\t\t\t\t<\/div>\n\t\t<\/section>\n\t\t\t\t<\/div>\n\t\t","protected":false},"excerpt":{"rendered":"<p>Nous vous proposons l\u2019organisation totale ou partielle de tous vos \u00e9v\u00e9nements. Confiez-nous vos d\u00e9marches pour la recherche de professionnels, s\u00e9lectionn\u00e9s par nos soins: traiteurs, fleuristes, photographes, d\u00e9corateurs, artistes, serveurs, fourniture de boissons, faire-part, etc\u2026\u00a0Vous \u00e9conomiserez ainsi des d\u00e9placements et surtout du temps. Ce service d\u2019organisation vous sera offert pour tout contrat d\u2019animation ou de location &hellip; <\/p>\n<p class=\"link-more\"><a href=\"https:\/\/www.kps-evenements.fr\/?page_id=69\" class=\"more-link\">Continuer la lecture<span class=\"screen-reader-text\"> de &laquo;&nbsp;Organisation&nbsp;&raquo;<\/span><\/a><\/p>\n","protected":false},"author":2,"featured_media":0,"parent":0,"menu_order":0,"comment_status":"open","ping_status":"open","template":"elementor_header_footer","meta":{"_exactmetrics_skip_tracking":false,"_exactmetrics_sitenote_active":false,"_exactmetrics_sitenote_note":"","_exactmetrics_sitenote_category":0,"footnotes":""},"class_list":["post-69","page","type-page","status-publish","hentry"],"yoast_head":"<!-- This site is optimized with the Yoast SEO plugin v27.6 - https:\/\/yoast.com\/product\/yoast-seo-wordpress\/ -->\n<title>Organisation - KPS EVENEMENTS<\/title>\n<meta name=\"description\" content=\"Situ\u00e9e \u00e0 Pulversheim, pr\u00e8s de Mulhouse, la soci\u00e9t\u00e9 KPS Ev\u00e9nements SARL exerce son activit\u00e9 de prestation \u00e9v\u00e9nementielle sur toute la r\u00e9gion du Haut-Rhin (68). Cr\u00e9\u00e9e par un passionn\u00e9 d\u2019animation et de musique de qualit\u00e9, KPS Ev\u00e9nements saura faire de vos f\u00eates un \u00e9v\u00e9nement et de vos \u00e9v\u00e9nements une f\u00eate !\" \/>\n<meta name=\"robots\" content=\"index, follow, max-snippet:-1, max-image-preview:large, max-video-preview:-1\" \/>\n<link rel=\"canonical\" href=\"https:\/\/www.kps-evenements.fr\/?page_id=69\" \/>\n<meta name=\"twitter:label1\" content=\"Dur\u00e9e de lecture estim\u00e9e\" \/>\n\t<meta name=\"twitter:data1\" content=\"1 minute\" \/>\n<script type=\"application\/ld+json\" class=\"yoast-schema-graph\">{\"@context\":\"https:\\\/\\\/schema.org\",\"@graph\":[{\"@type\":\"WebPage\",\"@id\":\"https:\\\/\\\/www.kps-evenements.fr\\\/?page_id=69\",\"url\":\"https:\\\/\\\/www.kps-evenements.fr\\\/?page_id=69\",\"name\":\"Organisation - KPS EVENEMENTS\",\"isPartOf\":{\"@id\":\"https:\\\/\\\/www.kps-evenements.fr\\\/#website\"},\"primaryImageOfPage\":{\"@id\":\"https:\\\/\\\/www.kps-evenements.fr\\\/?page_id=69#primaryimage\"},\"image\":{\"@id\":\"https:\\\/\\\/www.kps-evenements.fr\\\/?page_id=69#primaryimage\"},\"thumbnailUrl\":\"http:\\\/\\\/www.kps-evenements.fr\\\/wp-content\\\/event-manager-showing-plan-paper-1024x741.jpg\",\"datePublished\":\"2013-03-06T09:01:25+00:00\",\"dateModified\":\"2021-09-21T13:23:24+00:00\",\"description\":\"Situ\u00e9e \u00e0 Pulversheim, pr\u00e8s de Mulhouse, la soci\u00e9t\u00e9 KPS Ev\u00e9nements SARL exerce son activit\u00e9 de prestation \u00e9v\u00e9nementielle sur toute la r\u00e9gion du Haut-Rhin (68). Cr\u00e9\u00e9e par un passionn\u00e9 d\u2019animation et de musique de qualit\u00e9, KPS Ev\u00e9nements saura faire de vos f\u00eates un \u00e9v\u00e9nement et de vos \u00e9v\u00e9nements une f\u00eate !\",\"breadcrumb\":{\"@id\":\"https:\\\/\\\/www.kps-evenements.fr\\\/?page_id=69#breadcrumb\"},\"inLanguage\":\"fr-FR\",\"potentialAction\":[{\"@type\":\"ReadAction\",\"target\":[\"https:\\\/\\\/www.kps-evenements.fr\\\/?page_id=69\"]}]},{\"@type\":\"ImageObject\",\"inLanguage\":\"fr-FR\",\"@id\":\"https:\\\/\\\/www.kps-evenements.fr\\\/?page_id=69#primaryimage\",\"url\":\"https:\\\/\\\/www.kps-evenements.fr\\\/wp-content\\\/event-manager-showing-plan-paper.jpg\",\"contentUrl\":\"https:\\\/\\\/www.kps-evenements.fr\\\/wp-content\\\/event-manager-showing-plan-paper.jpg\",\"width\":2000,\"height\":1448},{\"@type\":\"BreadcrumbList\",\"@id\":\"https:\\\/\\\/www.kps-evenements.fr\\\/?page_id=69#breadcrumb\",\"itemListElement\":[{\"@type\":\"ListItem\",\"position\":1,\"name\":\"Home\",\"item\":\"https:\\\/\\\/www.kps-evenements.fr\\\/\"},{\"@type\":\"ListItem\",\"position\":2,\"name\":\"Organisation\"}]},{\"@type\":\"WebSite\",\"@id\":\"https:\\\/\\\/www.kps-evenements.fr\\\/#website\",\"url\":\"https:\\\/\\\/www.kps-evenements.fr\\\/\",\"name\":\"KPS EVENEMENTS\",\"description\":\"Animation, Organisation, D\u00e9coration, Location - Alsace, 68, Haut-Rhin\",\"publisher\":{\"@id\":\"https:\\\/\\\/www.kps-evenements.fr\\\/#organization\"},\"potentialAction\":[{\"@type\":\"SearchAction\",\"target\":{\"@type\":\"EntryPoint\",\"urlTemplate\":\"https:\\\/\\\/www.kps-evenements.fr\\\/?s={search_term_string}\"},\"query-input\":{\"@type\":\"PropertyValueSpecification\",\"valueRequired\":true,\"valueName\":\"search_term_string\"}}],\"inLanguage\":\"fr-FR\"},{\"@type\":\"Organization\",\"@id\":\"https:\\\/\\\/www.kps-evenements.fr\\\/#organization\",\"name\":\"KPS EVENEMENTS\",\"url\":\"https:\\\/\\\/www.kps-evenements.fr\\\/\",\"logo\":{\"@type\":\"ImageObject\",\"inLanguage\":\"fr-FR\",\"@id\":\"https:\\\/\\\/www.kps-evenements.fr\\\/#\\\/schema\\\/logo\\\/image\\\/\",\"url\":\"https:\\\/\\\/www.kps-evenements.fr\\\/wp-content\\\/LOGO.png\",\"contentUrl\":\"https:\\\/\\\/www.kps-evenements.fr\\\/wp-content\\\/LOGO.png\",\"width\":2000,\"height\":1080,\"caption\":\"KPS EVENEMENTS\"},\"image\":{\"@id\":\"https:\\\/\\\/www.kps-evenements.fr\\\/#\\\/schema\\\/logo\\\/image\\\/\"}}]}<\/script>\n<!-- \/ Yoast SEO plugin. -->","yoast_head_json":{"title":"Organisation - KPS EVENEMENTS","description":"Situ\u00e9e \u00e0 Pulversheim, pr\u00e8s de Mulhouse, la soci\u00e9t\u00e9 KPS Ev\u00e9nements SARL exerce son activit\u00e9 de prestation \u00e9v\u00e9nementielle sur toute la r\u00e9gion du Haut-Rhin (68). Cr\u00e9\u00e9e par un passionn\u00e9 d\u2019animation et de musique de qualit\u00e9, KPS Ev\u00e9nements saura faire de vos f\u00eates un \u00e9v\u00e9nement et de vos \u00e9v\u00e9nements une f\u00eate !","robots":{"index":"index","follow":"follow","max-snippet":"max-snippet:-1","max-image-preview":"max-image-preview:large","max-video-preview":"max-video-preview:-1"},"canonical":"https:\/\/www.kps-evenements.fr\/?page_id=69","twitter_misc":{"Dur\u00e9e de lecture estim\u00e9e":"1 minute"},"schema":{"@context":"https:\/\/schema.org","@graph":[{"@type":"WebPage","@id":"https:\/\/www.kps-evenements.fr\/?page_id=69","url":"https:\/\/www.kps-evenements.fr\/?page_id=69","name":"Organisation - KPS EVENEMENTS","isPartOf":{"@id":"https:\/\/www.kps-evenements.fr\/#website"},"primaryImageOfPage":{"@id":"https:\/\/www.kps-evenements.fr\/?page_id=69#primaryimage"},"image":{"@id":"https:\/\/www.kps-evenements.fr\/?page_id=69#primaryimage"},"thumbnailUrl":"http:\/\/www.kps-evenements.fr\/wp-content\/event-manager-showing-plan-paper-1024x741.jpg","datePublished":"2013-03-06T09:01:25+00:00","dateModified":"2021-09-21T13:23:24+00:00","description":"Situ\u00e9e \u00e0 Pulversheim, pr\u00e8s de Mulhouse, la soci\u00e9t\u00e9 KPS Ev\u00e9nements SARL exerce son activit\u00e9 de prestation \u00e9v\u00e9nementielle sur toute la r\u00e9gion du Haut-Rhin (68). Cr\u00e9\u00e9e par un passionn\u00e9 d\u2019animation et de musique de qualit\u00e9, KPS Ev\u00e9nements saura faire de vos f\u00eates un \u00e9v\u00e9nement et de vos \u00e9v\u00e9nements une f\u00eate !","breadcrumb":{"@id":"https:\/\/www.kps-evenements.fr\/?page_id=69#breadcrumb"},"inLanguage":"fr-FR","potentialAction":[{"@type":"ReadAction","target":["https:\/\/www.kps-evenements.fr\/?page_id=69"]}]},{"@type":"ImageObject","inLanguage":"fr-FR","@id":"https:\/\/www.kps-evenements.fr\/?page_id=69#primaryimage","url":"https:\/\/www.kps-evenements.fr\/wp-content\/event-manager-showing-plan-paper.jpg","contentUrl":"https:\/\/www.kps-evenements.fr\/wp-content\/event-manager-showing-plan-paper.jpg","width":2000,"height":1448},{"@type":"BreadcrumbList","@id":"https:\/\/www.kps-evenements.fr\/?page_id=69#breadcrumb","itemListElement":[{"@type":"ListItem","position":1,"name":"Home","item":"https:\/\/www.kps-evenements.fr\/"},{"@type":"ListItem","position":2,"name":"Organisation"}]},{"@type":"WebSite","@id":"https:\/\/www.kps-evenements.fr\/#website","url":"https:\/\/www.kps-evenements.fr\/","name":"KPS EVENEMENTS","description":"Animation, Organisation, D\u00e9coration, Location - Alsace, 68, Haut-Rhin","publisher":{"@id":"https:\/\/www.kps-evenements.fr\/#organization"},"potentialAction":[{"@type":"SearchAction","target":{"@type":"EntryPoint","urlTemplate":"https:\/\/www.kps-evenements.fr\/?s={search_term_string}"},"query-input":{"@type":"PropertyValueSpecification","valueRequired":true,"valueName":"search_term_string"}}],"inLanguage":"fr-FR"},{"@type":"Organization","@id":"https:\/\/www.kps-evenements.fr\/#organization","name":"KPS EVENEMENTS","url":"https:\/\/www.kps-evenements.fr\/","logo":{"@type":"ImageObject","inLanguage":"fr-FR","@id":"https:\/\/www.kps-evenements.fr\/#\/schema\/logo\/image\/","url":"https:\/\/www.kps-evenements.fr\/wp-content\/LOGO.png","contentUrl":"https:\/\/www.kps-evenements.fr\/wp-content\/LOGO.png","width":2000,"height":1080,"caption":"KPS EVENEMENTS"},"image":{"@id":"https:\/\/www.kps-evenements.fr\/#\/schema\/logo\/image\/"}}]}},"_links":{"self":[{"href":"https:\/\/www.kps-evenements.fr\/index.php?rest_route=\/wp\/v2\/pages\/69","targetHints":{"allow":["GET"]}}],"collection":[{"href":"https:\/\/www.kps-evenements.fr\/index.php?rest_route=\/wp\/v2\/pages"}],"about":[{"href":"https:\/\/www.kps-evenements.fr\/index.php?rest_route=\/wp\/v2\/types\/page"}],"author":[{"embeddable":true,"href":"https:\/\/www.kps-evenements.fr\/index.php?rest_route=\/wp\/v2\/users\/2"}],"replies":[{"embeddable":true,"href":"https:\/\/www.kps-evenements.fr\/index.php?rest_route=%2Fwp%2Fv2%2Fcomments&post=69"}],"version-history":[{"count":16,"href":"https:\/\/www.kps-evenements.fr\/index.php?rest_route=\/wp\/v2\/pages\/69\/revisions"}],"predecessor-version":[{"id":1082,"href":"https:\/\/www.kps-evenements.fr\/index.php?rest_route=\/wp\/v2\/pages\/69\/revisions\/1082"}],"wp:attachment":[{"href":"https:\/\/www.kps-evenements.fr\/index.php?rest_route=%2Fwp%2Fv2%2Fmedia&parent=69"}],"curies":[{"name":"wp","href":"https:\/\/api.w.org\/{rel}","templated":true}]}}